{"id":333,"date":"2010-02-14T20:58:19","date_gmt":"2010-02-14T19:58:19","guid":{"rendered":"http:\/\/wolskitheater.de\/?page_id=333"},"modified":"2018-05-26T11:39:41","modified_gmt":"2018-05-26T10:39:41","slug":"personen","status":"publish","type":"page","link":"http:\/\/wolskitheater.de\/?page_id=333","title":{"rendered":"Personen"},"content":{"rendered":"<p><strong><a href=\"http:\/\/wolskitheater.de\/wp-content\/uploads\/2018\/05\/goldmann_0816_2.jpg\"><img loading=\"lazy\" decoding=\"async\" class=\"alignleft wp-image-2424\" src=\"http:\/\/wolskitheater.de\/wp-content\/uploads\/2018\/05\/goldmann_0816_2-300x300.jpg\" alt=\"felix \" width=\"350\" height=\"350\"><\/a>Felix Goldmann <\/strong><\/p>\n<p>Felix Goldmann studierte an der Hochschule f\u00fcr Musik und darstellende Kunst in Graz Theaterregie. Nach dem Studium gab es Engagements an verschiedenen Stadt- und Landestheatern. F\u00fcr eine Spielzeit war er Regisseur an der deutschen B\u00fchne Szekszard (u.a. Frauen. Krieg. Lustspiel, von Thomas Brasch). Seit 2000 Leiter internationaler Festivals (Theater der eMigranten, off-beats, Transvisuelle Dramatik u.a.).<br \/>\n&nbsp;<br \/>\n&nbsp;<strong><a href=\"http:\/\/wolskitheater.de\/wp-content\/uploads\/2018\/05\/Jens-UweBehrend.jpg\"><img loading=\"lazy\" decoding=\"async\" class=\"size-full wp-image-2421 alignleft\" src=\"http:\/\/wolskitheater.de\/wp-content\/uploads\/2018\/05\/Jens-UweBehrend.jpg\" alt=\"\" width=\"350\" height=\"263\"><\/a><\/strong><strong>Jens\u2013Uwe Behrend<\/strong><\/p>\n<p>Jens\u2013Uwe Behrend (B\u00fchne) gr\u00fcndete 1996 zusammen mit Felix Goldmann (Regie) das Zygmunt Wolski Theater. Er hat ein Diplom als B\u00fchnenbildner an der HfBK Dresden bekommen. Seit 1989 Ausstattungen f\u00fcr Theaterproduktionen u.a. in Chemnitz, Stendal, Berlin, Dresden, Hamburg, Marburg, G\u00f6ttingen. Seit 2007 Arbeiten f\u00fcr das Radialsystem.<\/p>\n<p>&nbsp;<\/p>\n<p><span style=\"font-size: x-small;\"><strong>&nbsp;<\/strong><\/span><\/p>\n","protected":false},"excerpt":{"rendered":"<p>Felix Goldmann Felix Goldmann studierte an der Hochschule f\u00fcr Musik und darstellende Kunst in Graz Theaterregie. Nach dem Studium gab es Engagements an verschiedenen Stadt- und Landestheatern. F\u00fcr eine Spielzeit war er Regisseur an der deutschen B\u00fchne Szekszard (u.a. Frauen. Krieg. Lustspiel, von Thomas Brasch). Seit 2000 Leiter internationaler Festivals (Theater der eMigranten, off-beats, Transvisuelle&nbsp;&#8230;<\/p>\n","protected":false},"author":1,"featured_media":0,"parent":0,"menu_order":2,"comment_status":"closed","ping_status":"closed","template":"","meta":{"ngg_post_thumbnail":0,"footnotes":""},"class_list":["post-333","page","type-page","status-publish","hentry"],"_links":{"self":[{"href":"http:\/\/wolskitheater.de\/index.php?rest_route=\/wp\/v2\/pages\/333","targetHints":{"allow":["GET"]}}],"collection":[{"href":"http:\/\/wolskitheater.de\/index.php?rest_route=\/wp\/v2\/pages"}],"about":[{"href":"http:\/\/wolskitheater.de\/index.php?rest_route=\/wp\/v2\/types\/page"}],"author":[{"embeddable":true,"href":"http:\/\/wolskitheater.de\/index.php?rest_route=\/wp\/v2\/users\/1"}],"replies":[{"embeddable":true,"href":"http:\/\/wolskitheater.de\/index.php?rest_route=%2Fwp%2Fv2%2Fcomments&post=333"}],"version-history":[{"count":34,"href":"http:\/\/wolskitheater.de\/index.php?rest_route=\/wp\/v2\/pages\/333\/revisions"}],"predecessor-version":[{"id":2430,"href":"http:\/\/wolskitheater.de\/index.php?rest_route=\/wp\/v2\/pages\/333\/revisions\/2430"}],"wp:attachment":[{"href":"http:\/\/wolskitheater.de\/index.php?rest_route=%2Fwp%2Fv2%2Fmedia&parent=333"}],"curies":[{"name":"wp","href":"https:\/\/api.w.org\/{rel}","templated":true}]}}