{"id":1271,"date":"2013-04-13T11:11:30","date_gmt":"2013-04-13T10:11:30","guid":{"rendered":"http:\/\/wolskitheater.de\/"},"modified":"2018-03-15T20:29:38","modified_gmt":"2018-03-15T19:29:38","slug":"das-theater","status":"publish","type":"page","link":"http:\/\/wolskitheater.de\/?page_id=1271","title":{"rendered":"Das Theater"},"content":{"rendered":"<p>Das Zygmunt Wolski Theater (in der Anfangsphase ein deutsch- polnisch- ungarisches Ensemble, inzwischen DarstellerInnen aus 10 Nationen) wurde 1996 von Felix Goldmann (Regie) und Jens \u2013 Uwe Behrend (B\u00fchne) gegr\u00fcndet.<\/p>\n<p>Der Schwerpunkt der Inszenierungen liegt in der Auff\u00fchrung unbekannter zeitgen\u00f6ssischer Dramatik aus S\u00fcd- und Ost- Europa, sowie wenig und nicht gespielter deutschsprachiger Werke.<\/p>\n","protected":false},"excerpt":{"rendered":"<p>Das Zygmunt Wolski Theater (in der Anfangsphase ein deutsch- polnisch- ungarisches Ensemble, inzwischen DarstellerInnen aus 10 Nationen) wurde 1996 von Felix Goldmann (Regie) und Jens \u2013 Uwe Behrend (B\u00fchne) gegr\u00fcndet. Der Schwerpunkt der Inszenierungen liegt in der Auff\u00fchrung unbekannter zeitgen\u00f6ssischer Dramatik aus S\u00fcd- und Ost- Europa, sowie wenig und nicht gespielter deutschsprachiger Werke.<\/p>\n","protected":false},"author":1,"featured_media":0,"parent":0,"menu_order":1,"comment_status":"closed","ping_status":"closed","template":"","meta":{"ngg_post_thumbnail":0,"footnotes":""},"class_list":["post-1271","page","type-page","status-publish","hentry"],"_links":{"self":[{"href":"http:\/\/wolskitheater.de\/index.php?rest_route=\/wp\/v2\/pages\/1271","targetHints":{"allow":["GET"]}}],"collection":[{"href":"http:\/\/wolskitheater.de\/index.php?rest_route=\/wp\/v2\/pages"}],"about":[{"href":"http:\/\/wolskitheater.de\/index.php?rest_route=\/wp\/v2\/types\/page"}],"author":[{"embeddable":true,"href":"http:\/\/wolskitheater.de\/index.php?rest_route=\/wp\/v2\/users\/1"}],"replies":[{"embeddable":true,"href":"http:\/\/wolskitheater.de\/index.php?rest_route=%2Fwp%2Fv2%2Fcomments&post=1271"}],"version-history":[{"count":18,"href":"http:\/\/wolskitheater.de\/index.php?rest_route=\/wp\/v2\/pages\/1271\/revisions"}],"predecessor-version":[{"id":2119,"href":"http:\/\/wolskitheater.de\/index.php?rest_route=\/wp\/v2\/pages\/1271\/revisions\/2119"}],"wp:attachment":[{"href":"http:\/\/wolskitheater.de\/index.php?rest_route=%2Fwp%2Fv2%2Fmedia&parent=1271"}],"curies":[{"name":"wp","href":"https:\/\/api.w.org\/{rel}","templated":true}]}}